{"id":1455,"date":"2024-03-20T12:39:54","date_gmt":"2024-03-20T18:39:54","guid":{"rendered":"https:\/\/gurusdigitales.com\/multicreto\/?page_id=1455"},"modified":"2026-03-05T12:29:48","modified_gmt":"2026-03-05T18:29:48","slug":"privacy-policy","status":"publish","type":"page","link":"https:\/\/multicreto.com.mx\/en\/privacy-policy\/","title":{"rendered":"Privacy Policy"},"content":{"rendered":"\t\t<div data-elementor-type=\"wp-page\" data-elementor-id=\"1455\" class=\"elementor elementor-1455\" data-elementor-post-type=\"page\">\n\t\t\t\t<div class=\"elementor-element elementor-element-946b1f5 wd-section-stretch e-flex e-con-boxed e-con e-parent\" data-id=\"946b1f5\" data-element_type=\"container\" data-e-type=\"container\">\n\t\t\t\t\t<div class=\"e-con-inner\">\n\t\t<div class=\"elementor-element elementor-element-1444125 e-con-full e-flex e-con e-child\" data-id=\"1444125\" data-element_type=\"container\" data-e-type=\"container\">\n\t\t\t\t<div class=\"elementor-element elementor-element-ff5d14f elementor-widget__width-auto elementor-widget elementor-widget-heading\" data-id=\"ff5d14f\" data-element_type=\"widget\" data-e-type=\"widget\" data-widget_type=\"heading.default\">\n\t\t\t\t<div class=\"elementor-widget-container\">\n\t\t\t\t\t<h2 class=\"elementor-heading-title elementor-size-default\">Protecting Your Privacy<\/h2>\t\t\t\t<\/div>\n\t\t\t\t<\/div>\n\t\t\t\t<div class=\"elementor-element elementor-element-6ca9cd0 color-scheme-inherit text-left elementor-widget elementor-widget-text-editor\" data-id=\"6ca9cd0\" data-element_type=\"widget\" data-e-type=\"widget\" data-widget_type=\"text-editor.default\">\n\t\t\t\t<div class=\"elementor-widget-container\">\n\t\t\t\t\t\t\t\t\t<p data-start=\"118\" data-end=\"461\">At MULTICRETO, we are committed to safeguarding the confidential information of our users. Our Privacy and Cookies Policy is designed to ensure the security and protection of your data while you browse our website. We value your trust and strive to comply with the highest standards of security and transparency in the handling of information.<\/p><p data-start=\"463\" data-end=\"597\">Below, you will find links to our key policies so you can learn more about how we protect your privacy and respect your online rights.<\/p><p>A continuaci\u00f3n, encontrar\u00e1s enlaces a nuestras pol\u00edticas clave para que puedas conocer m\u00e1s sobre c\u00f3mo protegemos tu privacidad y respetamos tus derechos en l\u00ednea.<\/p>\t\t\t\t\t\t\t\t<\/div>\n\t\t\t\t<\/div>\n\t\t\t\t<div class=\"elementor-element elementor-element-40f9ae0 elementor-widget__width-auto elementor-widget elementor-widget-image\" data-id=\"40f9ae0\" data-element_type=\"widget\" data-e-type=\"widget\" data-widget_type=\"image.default\">\n\t\t\t\t<div class=\"elementor-widget-container\">\n\t\t\t\t\t\t\t\t\t\t\t\t\t\t\t<img decoding=\"async\" width=\"531\" height=\"3\" src=\"https:\/\/multicreto.com.mx\/en\/wp-content\/uploads\/2024\/02\/multicreto-adorno-linea-divisor-izquierdo.png\" class=\"attachment-large size-large wp-image-521\" alt=\"\" srcset=\"https:\/\/multicreto.com.mx\/en\/wp-content\/uploads\/2024\/02\/multicreto-adorno-linea-divisor-izquierdo.png 531w, https:\/\/multicreto.com.mx\/en\/wp-content\/uploads\/2024\/02\/multicreto-adorno-linea-divisor-izquierdo-386x2.png 386w, https:\/\/multicreto.com.mx\/en\/wp-content\/uploads\/2024\/02\/multicreto-adorno-linea-divisor-izquierdo-150x1.png 150w\" sizes=\"(max-width: 531px) 100vw, 531px\" \/>\t\t\t\t\t\t\t\t\t\t\t\t\t\t\t<\/div>\n\t\t\t\t<\/div>\n\t\t<div class=\"elementor-element elementor-element-4b6b591 e-flex e-con-boxed e-con e-child\" data-id=\"4b6b591\" data-element_type=\"container\" data-e-type=\"container\">\n\t\t\t\t\t<div class=\"e-con-inner\">\n\t\t\t\t<div class=\"elementor-element elementor-element-572058b wa-shop-button elementor-widget elementor-widget-button\" data-id=\"572058b\" data-element_type=\"widget\" data-e-type=\"widget\" data-widget_type=\"button.default\">\n\t\t\t\t<div class=\"elementor-widget-container\">\n\t\t\t\t\t\t\t\t\t<div class=\"elementor-button-wrapper\">\n\t\t\t\t\t<a class=\"elementor-button elementor-button-link elementor-size-sm\" href=\"https:\/\/multicreto.com.mx\/en\/politica-de-privacidad\/\">\n\t\t\t\t\t\t<span class=\"elementor-button-content-wrapper\">\n\t\t\t\t\t\t\t\t\t<span class=\"elementor-button-text\">Privacy Policy<\/span>\n\t\t\t\t\t<\/span>\n\t\t\t\t\t<\/a>\n\t\t\t\t<\/div>\n\t\t\t\t\t\t\t\t<\/div>\n\t\t\t\t<\/div>\n\t\t\t\t<div class=\"elementor-element elementor-element-3d06d04 elementor-widget__width-initial e-transform elementor-widget-divider--view-line elementor-widget elementor-widget-divider\" data-id=\"3d06d04\" data-element_type=\"widget\" data-e-type=\"widget\" data-settings=\"{&quot;_transform_rotateZ_effect&quot;:{&quot;unit&quot;:&quot;px&quot;,&quot;size&quot;:90,&quot;sizes&quot;:[]},&quot;_transform_rotateZ_effect_laptop&quot;:{&quot;unit&quot;:&quot;deg&quot;,&quot;size&quot;:&quot;&quot;,&quot;sizes&quot;:[]},&quot;_transform_rotateZ_effect_tablet&quot;:{&quot;unit&quot;:&quot;deg&quot;,&quot;size&quot;:&quot;&quot;,&quot;sizes&quot;:[]},&quot;_transform_rotateZ_effect_mobile&quot;:{&quot;unit&quot;:&quot;deg&quot;,&quot;size&quot;:&quot;&quot;,&quot;sizes&quot;:[]}}\" data-widget_type=\"divider.default\">\n\t\t\t\t<div class=\"elementor-widget-container\">\n\t\t\t\t\t\t\t<div class=\"elementor-divider\">\n\t\t\t<span class=\"elementor-divider-separator\">\n\t\t\t\t\t\t<\/span>\n\t\t<\/div>\n\t\t\t\t\t\t<\/div>\n\t\t\t\t<\/div>\n\t\t\t\t<div class=\"elementor-element elementor-element-05b1638 wa-shop-button elementor-widget elementor-widget-button\" data-id=\"05b1638\" data-element_type=\"widget\" data-e-type=\"widget\" data-widget_type=\"button.default\">\n\t\t\t\t<div class=\"elementor-widget-container\">\n\t\t\t\t\t\t\t\t\t<div class=\"elementor-button-wrapper\">\n\t\t\t\t\t<a class=\"elementor-button elementor-button-link elementor-size-sm\" href=\"https:\/\/multicreto.com.mx\/en\/politica-de-cookies\/\">\n\t\t\t\t\t\t<span class=\"elementor-button-content-wrapper\">\n\t\t\t\t\t\t\t\t\t<span class=\"elementor-button-text\">Cookies Policy<\/span>\n\t\t\t\t\t<\/span>\n\t\t\t\t\t<\/a>\n\t\t\t\t<\/div>\n\t\t\t\t\t\t\t\t<\/div>\n\t\t\t\t<\/div>\n\t\t\t\t\t<\/div>\n\t\t\t\t<\/div>\n\t\t\t\t<\/div>\n\t\t\t\t\t<\/div>\n\t\t\t\t<\/div>\n\t\t\t\t<\/div>\n\t\t","protected":false},"excerpt":{"rendered":"<p>Protecting Your Privacy At MULTICRETO, we are committed to safeguarding the confidential information of our users. Our Privacy and Cookies<\/p>\n","protected":false},"author":1,"featured_media":0,"parent":0,"menu_order":0,"comment_status":"closed","ping_status":"closed","template":"","meta":{"footnotes":""},"class_list":["post-1455","page","type-page","status-publish","hentry"],"_links":{"self":[{"href":"https:\/\/multicreto.com.mx\/en\/wp-json\/wp\/v2\/pages\/1455","targetHints":{"allow":["GET"]}}],"collection":[{"href":"https:\/\/multicreto.com.mx\/en\/wp-json\/wp\/v2\/pages"}],"about":[{"href":"https:\/\/multicreto.com.mx\/en\/wp-json\/wp\/v2\/types\/page"}],"author":[{"embeddable":true,"href":"https:\/\/multicreto.com.mx\/en\/wp-json\/wp\/v2\/users\/1"}],"replies":[{"embeddable":true,"href":"https:\/\/multicreto.com.mx\/en\/wp-json\/wp\/v2\/comments?post=1455"}],"version-history":[{"count":4,"href":"https:\/\/multicreto.com.mx\/en\/wp-json\/wp\/v2\/pages\/1455\/revisions"}],"predecessor-version":[{"id":4258,"href":"https:\/\/multicreto.com.mx\/en\/wp-json\/wp\/v2\/pages\/1455\/revisions\/4258"}],"wp:attachment":[{"href":"https:\/\/multicreto.com.mx\/en\/wp-json\/wp\/v2\/media?parent=1455"}],"curies":[{"name":"wp","href":"https:\/\/api.w.org\/{rel}","templated":true}]}}