{"id":200,"date":"2024-01-21T22:49:34","date_gmt":"2024-01-21T22:49:34","guid":{"rendered":"https:\/\/gurusdigitales.com\/multicreto\/?page_id=200"},"modified":"2026-03-05T15:10:40","modified_gmt":"2026-03-05T21:10:40","slug":"digital-brochures","status":"publish","type":"page","link":"https:\/\/multicreto.com.mx\/en\/digital-brochures\/","title":{"rendered":"Digital Brochures"},"content":{"rendered":"\t\t<div data-elementor-type=\"wp-page\" data-elementor-id=\"200\" class=\"elementor elementor-200\" data-elementor-post-type=\"page\">\n\t\t\t\t<div class=\"elementor-element elementor-element-8a597a3 wd-section-stretch e-flex e-con-boxed e-con e-parent\" data-id=\"8a597a3\" data-element_type=\"container\" data-e-type=\"container\">\n\t\t\t\t\t<div class=\"e-con-inner\">\n\t\t\t\t<div class=\"elementor-element elementor-element-610feeb elementor-widget__width-auto elementor-absolute elementor-widget elementor-widget-image\" data-id=\"610feeb\" data-element_type=\"widget\" data-e-type=\"widget\" data-settings=\"{&quot;_position&quot;:&quot;absolute&quot;}\" data-widget_type=\"image.default\">\n\t\t\t\t<div class=\"elementor-widget-container\">\n\t\t\t\t\t\t\t\t\t\t\t\t\t\t\t<img fetchpriority=\"high\" decoding=\"async\" width=\"314\" height=\"290\" src=\"https:\/\/multicreto.com.mx\/en\/wp-content\/uploads\/2024\/02\/multicreto-adorno-puntos-grises.png\" class=\"attachment-large size-large wp-image-387\" alt=\"\" srcset=\"https:\/\/multicreto.com.mx\/en\/wp-content\/uploads\/2024\/02\/multicreto-adorno-puntos-grises.png 314w, https:\/\/multicreto.com.mx\/en\/wp-content\/uploads\/2024\/02\/multicreto-adorno-puntos-grises-150x139.png 150w\" sizes=\"(max-width: 314px) 100vw, 314px\" \/>\t\t\t\t\t\t\t\t\t\t\t\t\t\t\t<\/div>\n\t\t\t\t<\/div>\n\t\t\t\t\t<\/div>\n\t\t\t\t<\/div>\n\t\t<div class=\"wd-negative-gap elementor-element elementor-element-74341b7 wd-section-stretch e-flex e-con-boxed e-con e-parent\" data-id=\"74341b7\" data-element_type=\"container\" data-e-type=\"container\">\n\t\t\t\t\t<div class=\"e-con-inner\">\n\t\t\t\t<div class=\"elementor-element elementor-element-a68b0bb elementor-widget__width-auto elementor-widget elementor-widget-image\" data-id=\"a68b0bb\" data-element_type=\"widget\" data-e-type=\"widget\" data-widget_type=\"image.default\">\n\t\t\t\t<div class=\"elementor-widget-container\">\n\t\t\t\t\t\t\t\t\t\t\t\t\t\t\t<img decoding=\"async\" width=\"1024\" height=\"2\" src=\"https:\/\/multicreto.com.mx\/en\/wp-content\/uploads\/2024\/02\/multicreto-adorno-linea-larga-1024x2.png\" class=\"attachment-large size-large wp-image-383\" alt=\"\" srcset=\"https:\/\/multicreto.com.mx\/en\/wp-content\/uploads\/2024\/02\/multicreto-adorno-linea-larga-1024x2.png 1024w, https:\/\/multicreto.com.mx\/en\/wp-content\/uploads\/2024\/02\/multicreto-adorno-linea-larga-386x1.png 386w, https:\/\/multicreto.com.mx\/en\/wp-content\/uploads\/2024\/02\/multicreto-adorno-linea-larga-768x2.png 768w, https:\/\/multicreto.com.mx\/en\/wp-content\/uploads\/2024\/02\/multicreto-adorno-linea-larga-772x2.png 772w, https:\/\/multicreto.com.mx\/en\/wp-content\/uploads\/2024\/02\/multicreto-adorno-linea-larga-600x1.png 600w, https:\/\/multicreto.com.mx\/en\/wp-content\/uploads\/2024\/02\/multicreto-adorno-linea-larga-150x1.png 150w, https:\/\/multicreto.com.mx\/en\/wp-content\/uploads\/2024\/02\/multicreto-adorno-linea-larga.png 1436w\" sizes=\"(max-width: 1024px) 100vw, 1024px\" \/>\t\t\t\t\t\t\t\t\t\t\t\t\t\t\t<\/div>\n\t\t\t\t<\/div>\n\t\t\t\t\t<\/div>\n\t\t\t\t<\/div>\n\t\t<div class=\"elementor-element elementor-element-8e33165 wd-section-stretch elementor-hidden-desktop elementor-hidden-laptop elementor-hidden-tablet elementor-hidden-mobile e-flex e-con-boxed e-con e-parent\" data-id=\"8e33165\" data-element_type=\"container\" data-e-type=\"container\">\n\t\t\t\t\t<div class=\"e-con-inner\">\n\t\t\t\t<div class=\"elementor-element elementor-element-a7dabee elementor-widget__width-auto elementor-absolute elementor-widget elementor-widget-image\" data-id=\"a7dabee\" data-element_type=\"widget\" data-e-type=\"widget\" data-settings=\"{&quot;_position&quot;:&quot;absolute&quot;}\" data-widget_type=\"image.default\">\n\t\t\t\t<div class=\"elementor-widget-container\">\n\t\t\t\t\t\t\t\t\t\t\t\t\t\t\t<img fetchpriority=\"high\" decoding=\"async\" width=\"314\" height=\"290\" src=\"https:\/\/multicreto.com.mx\/en\/wp-content\/uploads\/2024\/02\/multicreto-adorno-puntos-grises.png\" class=\"attachment-large size-large wp-image-387\" alt=\"\" srcset=\"https:\/\/multicreto.com.mx\/en\/wp-content\/uploads\/2024\/02\/multicreto-adorno-puntos-grises.png 314w, https:\/\/multicreto.com.mx\/en\/wp-content\/uploads\/2024\/02\/multicreto-adorno-puntos-grises-150x139.png 150w\" sizes=\"(max-width: 314px) 100vw, 314px\" \/>\t\t\t\t\t\t\t\t\t\t\t\t\t\t\t<\/div>\n\t\t\t\t<\/div>\n\t\t<div class=\"elementor-element elementor-element-1142c67 e-con-full e-flex e-con e-child\" data-id=\"1142c67\" data-element_type=\"container\" data-e-type=\"container\">\n\t\t\t\t<div class=\"elementor-element elementor-element-0659759 elementor-position-top elementor-widget elementor-widget-image-box\" data-id=\"0659759\" data-element_type=\"widget\" data-e-type=\"widget\" data-widget_type=\"image-box.default\">\n\t\t\t\t<div class=\"elementor-widget-container\">\n\t\t\t\t\t<div class=\"elementor-image-box-wrapper\"><figure class=\"elementor-image-box-img\"><img decoding=\"async\" width=\"396\" height=\"518\" src=\"https:\/\/multicreto.com.mx\/en\/wp-content\/uploads\/2024\/03\/folletos-multicreto-linea-postes-prfv_03.png\" class=\"attachment-full size-full wp-image-1570\" alt=\"\" srcset=\"https:\/\/multicreto.com.mx\/en\/wp-content\/uploads\/2024\/03\/folletos-multicreto-linea-postes-prfv_03.png 396w, https:\/\/multicreto.com.mx\/en\/wp-content\/uploads\/2024\/03\/folletos-multicreto-linea-postes-prfv_03-295x386.png 295w, https:\/\/multicreto.com.mx\/en\/wp-content\/uploads\/2024\/03\/folletos-multicreto-linea-postes-prfv_03-150x196.png 150w\" sizes=\"(max-width: 396px) 100vw, 396px\" \/><\/figure><div class=\"elementor-image-box-content\"><h3 class=\"elementor-image-box-title\">Cat\u00e1logo institucional<\/h3><\/div><\/div>\t\t\t\t<\/div>\n\t\t\t\t<\/div>\n\t\t\t\t<\/div>\n\t\t\t\t\t<\/div>\n\t\t\t\t<\/div>\n\t\t<div class=\"elementor-element elementor-element-1d0fd47 wd-section-stretch elementor-hidden-desktop elementor-hidden-laptop elementor-hidden-tablet elementor-hidden-mobile e-flex e-con-boxed e-con e-parent\" data-id=\"1d0fd47\" data-element_type=\"container\" data-e-type=\"container\">\n\t\t\t\t\t<div class=\"e-con-inner\">\n\t\t\t\t<div class=\"elementor-element elementor-element-6e32329 elementor-widget__width-auto elementor-absolute elementor-widget elementor-widget-image\" data-id=\"6e32329\" data-element_type=\"widget\" data-e-type=\"widget\" data-settings=\"{&quot;_position&quot;:&quot;absolute&quot;}\" data-widget_type=\"image.default\">\n\t\t\t\t<div class=\"elementor-widget-container\">\n\t\t\t\t\t\t\t\t\t\t\t\t\t\t\t<img fetchpriority=\"high\" decoding=\"async\" width=\"314\" height=\"290\" src=\"https:\/\/multicreto.com.mx\/en\/wp-content\/uploads\/2024\/02\/multicreto-adorno-puntos-grises.png\" class=\"attachment-large size-large wp-image-387\" alt=\"\" srcset=\"https:\/\/multicreto.com.mx\/en\/wp-content\/uploads\/2024\/02\/multicreto-adorno-puntos-grises.png 314w, https:\/\/multicreto.com.mx\/en\/wp-content\/uploads\/2024\/02\/multicreto-adorno-puntos-grises-150x139.png 150w\" sizes=\"(max-width: 314px) 100vw, 314px\" \/>\t\t\t\t\t\t\t\t\t\t\t\t\t\t\t<\/div>\n\t\t\t\t<\/div>\n\t\t<div class=\"elementor-element elementor-element-b1b9338 e-con-full e-flex e-con e-child\" data-id=\"b1b9338\" data-element_type=\"container\" data-e-type=\"container\">\n\t\t\t\t<div class=\"elementor-element elementor-element-64b3617 elementor-position-top elementor-widget elementor-widget-image-box\" data-id=\"64b3617\" data-element_type=\"widget\" data-e-type=\"widget\" data-widget_type=\"image-box.default\">\n\t\t\t\t<div class=\"elementor-widget-container\">\n\t\t\t\t\t<div class=\"elementor-image-box-wrapper\"><figure class=\"elementor-image-box-img\"><img decoding=\"async\" width=\"396\" height=\"518\" src=\"https:\/\/multicreto.com.mx\/en\/wp-content\/uploads\/2024\/03\/folletos-multicreto-linea-postes-prfv_03.png\" class=\"attachment-full size-full wp-image-1570\" alt=\"\" srcset=\"https:\/\/multicreto.com.mx\/en\/wp-content\/uploads\/2024\/03\/folletos-multicreto-linea-postes-prfv_03.png 396w, https:\/\/multicreto.com.mx\/en\/wp-content\/uploads\/2024\/03\/folletos-multicreto-linea-postes-prfv_03-295x386.png 295w, https:\/\/multicreto.com.mx\/en\/wp-content\/uploads\/2024\/03\/folletos-multicreto-linea-postes-prfv_03-150x196.png 150w\" sizes=\"(max-width: 396px) 100vw, 396px\" \/><\/figure><div class=\"elementor-image-box-content\"><h3 class=\"elementor-image-box-title\">Cat\u00e1logo institucional<\/h3><\/div><\/div>\t\t\t\t<\/div>\n\t\t\t\t<\/div>\n\t\t\t\t<\/div>\n\t\t<div class=\"elementor-element elementor-element-ae886cf e-con-full e-flex e-con e-child\" data-id=\"ae886cf\" data-element_type=\"container\" data-e-type=\"container\">\n\t\t<div class=\"wd-negative-gap elementor-element elementor-element-3879d3e e-flex e-con-boxed e-con e-child\" data-id=\"3879d3e\" data-element_type=\"container\" data-e-type=\"container\">\n\t\t\t\t\t<div class=\"e-con-inner\">\n\t\t\t\t<div class=\"elementor-element elementor-element-d36d788 elementor-position-top elementor-widget elementor-widget-image-box\" data-id=\"d36d788\" data-element_type=\"widget\" data-e-type=\"widget\" data-widget_type=\"image-box.default\">\n\t\t\t\t<div class=\"elementor-widget-container\">\n\t\t\t\t\t<div class=\"elementor-image-box-wrapper\"><figure class=\"elementor-image-box-img\"><img decoding=\"async\" width=\"396\" height=\"518\" src=\"https:\/\/multicreto.com.mx\/en\/wp-content\/uploads\/2024\/03\/folletos-multicreto-linea-postes-prfv_03.png\" class=\"attachment-full size-full wp-image-1570\" alt=\"\" srcset=\"https:\/\/multicreto.com.mx\/en\/wp-content\/uploads\/2024\/03\/folletos-multicreto-linea-postes-prfv_03.png 396w, https:\/\/multicreto.com.mx\/en\/wp-content\/uploads\/2024\/03\/folletos-multicreto-linea-postes-prfv_03-295x386.png 295w, https:\/\/multicreto.com.mx\/en\/wp-content\/uploads\/2024\/03\/folletos-multicreto-linea-postes-prfv_03-150x196.png 150w\" sizes=\"(max-width: 396px) 100vw, 396px\" \/><\/figure><div class=\"elementor-image-box-content\"><h3 class=\"elementor-image-box-title\">Cat\u00e1logo telecomunicaciones<\/h3><\/div><\/div>\t\t\t\t<\/div>\n\t\t\t\t<\/div>\n\t\t\t\t<div class=\"elementor-element elementor-element-f4f5f23 elementor-position-top elementor-widget elementor-widget-image-box\" data-id=\"f4f5f23\" data-element_type=\"widget\" data-e-type=\"widget\" data-widget_type=\"image-box.default\">\n\t\t\t\t<div class=\"elementor-widget-container\">\n\t\t\t\t\t<div class=\"elementor-image-box-wrapper\"><figure class=\"elementor-image-box-img\"><img decoding=\"async\" width=\"396\" height=\"518\" src=\"https:\/\/multicreto.com.mx\/en\/wp-content\/uploads\/2024\/03\/folletos-multicreto-linea-postes-prfv_03.png\" class=\"attachment-full size-full wp-image-1570\" alt=\"\" srcset=\"https:\/\/multicreto.com.mx\/en\/wp-content\/uploads\/2024\/03\/folletos-multicreto-linea-postes-prfv_03.png 396w, https:\/\/multicreto.com.mx\/en\/wp-content\/uploads\/2024\/03\/folletos-multicreto-linea-postes-prfv_03-295x386.png 295w, https:\/\/multicreto.com.mx\/en\/wp-content\/uploads\/2024\/03\/folletos-multicreto-linea-postes-prfv_03-150x196.png 150w\" sizes=\"(max-width: 396px) 100vw, 396px\" \/><\/figure><div class=\"elementor-image-box-content\"><h3 class=\"elementor-image-box-title\">Cat\u00e1logo postes PRFV<\/h3><\/div><\/div>\t\t\t\t<\/div>\n\t\t\t\t<\/div>\n\t\t\t\t<div class=\"elementor-element elementor-element-17b9566 elementor-position-top elementor-widget elementor-widget-image-box\" data-id=\"17b9566\" data-element_type=\"widget\" data-e-type=\"widget\" data-widget_type=\"image-box.default\">\n\t\t\t\t<div class=\"elementor-widget-container\">\n\t\t\t\t\t<div class=\"elementor-image-box-wrapper\"><figure class=\"elementor-image-box-img\"><img decoding=\"async\" width=\"396\" height=\"518\" src=\"https:\/\/multicreto.com.mx\/en\/wp-content\/uploads\/2024\/03\/folletos-multicreto-linea-postes-prfv_03.png\" class=\"attachment-full size-full wp-image-1570\" alt=\"\" srcset=\"https:\/\/multicreto.com.mx\/en\/wp-content\/uploads\/2024\/03\/folletos-multicreto-linea-postes-prfv_03.png 396w, https:\/\/multicreto.com.mx\/en\/wp-content\/uploads\/2024\/03\/folletos-multicreto-linea-postes-prfv_03-295x386.png 295w, https:\/\/multicreto.com.mx\/en\/wp-content\/uploads\/2024\/03\/folletos-multicreto-linea-postes-prfv_03-150x196.png 150w\" sizes=\"(max-width: 396px) 100vw, 396px\" \/><\/figure><div class=\"elementor-image-box-content\"><h3 class=\"elementor-image-box-title\">Cat\u00e1logo telecomunicaciones<\/h3><\/div><\/div>\t\t\t\t<\/div>\n\t\t\t\t<\/div>\n\t\t\t\t<div class=\"elementor-element elementor-element-1e6663f elementor-position-top elementor-widget elementor-widget-image-box\" data-id=\"1e6663f\" data-element_type=\"widget\" data-e-type=\"widget\" data-widget_type=\"image-box.default\">\n\t\t\t\t<div class=\"elementor-widget-container\">\n\t\t\t\t\t<div class=\"elementor-image-box-wrapper\"><figure class=\"elementor-image-box-img\"><img decoding=\"async\" width=\"396\" height=\"518\" src=\"https:\/\/multicreto.com.mx\/en\/wp-content\/uploads\/2024\/03\/folletos-multicreto-linea-postes-prfv_03.png\" class=\"attachment-full size-full wp-image-1570\" alt=\"\" srcset=\"https:\/\/multicreto.com.mx\/en\/wp-content\/uploads\/2024\/03\/folletos-multicreto-linea-postes-prfv_03.png 396w, https:\/\/multicreto.com.mx\/en\/wp-content\/uploads\/2024\/03\/folletos-multicreto-linea-postes-prfv_03-295x386.png 295w, https:\/\/multicreto.com.mx\/en\/wp-content\/uploads\/2024\/03\/folletos-multicreto-linea-postes-prfv_03-150x196.png 150w\" sizes=\"(max-width: 396px) 100vw, 396px\" \/><\/figure><div class=\"elementor-image-box-content\"><h3 class=\"elementor-image-box-title\">Cat\u00e1logo l\u00ednea el\u00e9ctrica<\/h3><\/div><\/div>\t\t\t\t<\/div>\n\t\t\t\t<\/div>\n\t\t\t\t\t<\/div>\n\t\t\t\t<\/div>\n\t\t\t\t<\/div>\n\t\t\t\t\t<\/div>\n\t\t\t\t<\/div>\n\t\t<div class=\"wd-negative-gap elementor-element elementor-element-32b62dd wd-section-stretch e-flex e-con-boxed e-con e-parent\" data-id=\"32b62dd\" data-element_type=\"container\" data-e-type=\"container\">\n\t\t\t\t\t<div class=\"e-con-inner\">\n\t\t\t\t<div class=\"elementor-element elementor-element-74dc467 elementor-widget__width-auto elementor-widget elementor-widget-image\" data-id=\"74dc467\" data-element_type=\"widget\" data-e-type=\"widget\" data-widget_type=\"image.default\">\n\t\t\t\t<div class=\"elementor-widget-container\">\n\t\t\t\t\t\t\t\t\t\t\t\t\t\t\t<img decoding=\"async\" width=\"1024\" height=\"2\" src=\"https:\/\/multicreto.com.mx\/en\/wp-content\/uploads\/2024\/02\/multicreto-adorno-linea-larga-1024x2.png\" class=\"attachment-large size-large wp-image-383\" alt=\"\" srcset=\"https:\/\/multicreto.com.mx\/en\/wp-content\/uploads\/2024\/02\/multicreto-adorno-linea-larga-1024x2.png 1024w, https:\/\/multicreto.com.mx\/en\/wp-content\/uploads\/2024\/02\/multicreto-adorno-linea-larga-386x1.png 386w, https:\/\/multicreto.com.mx\/en\/wp-content\/uploads\/2024\/02\/multicreto-adorno-linea-larga-768x2.png 768w, https:\/\/multicreto.com.mx\/en\/wp-content\/uploads\/2024\/02\/multicreto-adorno-linea-larga-772x2.png 772w, https:\/\/multicreto.com.mx\/en\/wp-content\/uploads\/2024\/02\/multicreto-adorno-linea-larga-600x1.png 600w, https:\/\/multicreto.com.mx\/en\/wp-content\/uploads\/2024\/02\/multicreto-adorno-linea-larga-150x1.png 150w, https:\/\/multicreto.com.mx\/en\/wp-content\/uploads\/2024\/02\/multicreto-adorno-linea-larga.png 1436w\" sizes=\"(max-width: 1024px) 100vw, 1024px\" \/>\t\t\t\t\t\t\t\t\t\t\t\t\t\t\t<\/div>\n\t\t\t\t<\/div>\n\t\t\t\t\t<\/div>\n\t\t\t\t<\/div>\n\t\t<div class=\"wd-negative-gap elementor-element elementor-element-ba51978 wd-section-stretch e-flex e-con-boxed e-con e-parent\" data-id=\"ba51978\" data-element_type=\"container\" data-e-type=\"container\">\n\t\t\t\t\t<div class=\"e-con-inner\">\n\t\t<div class=\"elementor-element elementor-element-f4bf49e e-con-full e-flex e-con e-child\" data-id=\"f4bf49e\" data-element_type=\"container\" data-e-type=\"container\">\n\t\t\t\t<div class=\"elementor-element elementor-element-392688e elementor-widget elementor-widget-image\" data-id=\"392688e\" data-element_type=\"widget\" data-e-type=\"widget\" data-widget_type=\"image.default\">\n\t\t\t\t<div class=\"elementor-widget-container\">\n\t\t\t\t\t\t\t\t\t\t\t\t\t\t\t\t<a href=\"https:\/\/multicreto.com.mx\/en\/wp-content\/uploads\/2024\/04\/MulticretoPostesPRFVDiptico.pdf\">\n\t\t\t\t\t\t\t<img loading=\"lazy\" decoding=\"async\" width=\"354\" height=\"486\" src=\"https:\/\/multicreto.com.mx\/en\/wp-content\/uploads\/2024\/04\/multicreto-folletos-en-linea-multicretopostesprfvdiptico.png\" class=\"elementor-animation-float attachment-large size-large wp-image-2370\" alt=\"\" srcset=\"https:\/\/multicreto.com.mx\/en\/wp-content\/uploads\/2024\/04\/multicreto-folletos-en-linea-multicretopostesprfvdiptico.png 354w, https:\/\/multicreto.com.mx\/en\/wp-content\/uploads\/2024\/04\/multicreto-folletos-en-linea-multicretopostesprfvdiptico-281x386.png 281w, https:\/\/multicreto.com.mx\/en\/wp-content\/uploads\/2024\/04\/multicreto-folletos-en-linea-multicretopostesprfvdiptico-150x206.png 150w\" sizes=\"(max-width: 354px) 100vw, 354px\" \/>\t\t\t\t\t\t\t\t<\/a>\n\t\t\t\t\t\t\t\t\t\t\t\t\t\t\t<\/div>\n\t\t\t\t<\/div>\n\t\t\t\t<div class=\"elementor-element elementor-element-13b949c elementor-widget elementor-widget-heading\" data-id=\"13b949c\" data-element_type=\"widget\" data-e-type=\"widget\" data-widget_type=\"heading.default\">\n\t\t\t\t<div class=\"elementor-widget-container\">\n\t\t\t\t\t<h1 class=\"elementor-heading-title elementor-size-default\">FRP  PRODUCT LINE CATALOG<\/h1>\t\t\t\t<\/div>\n\t\t\t\t<\/div>\n\t\t\t\t<\/div>\n\t\t<div class=\"elementor-element elementor-element-2d039fc e-con-full e-flex e-con e-child\" data-id=\"2d039fc\" data-element_type=\"container\" data-e-type=\"container\">\n\t\t\t\t<div class=\"elementor-element elementor-element-7bf8aad elementor-widget elementor-widget-image\" data-id=\"7bf8aad\" data-element_type=\"widget\" data-e-type=\"widget\" data-widget_type=\"image.default\">\n\t\t\t\t<div class=\"elementor-widget-container\">\n\t\t\t\t\t\t\t\t\t\t\t\t\t\t\t\t<a href=\"https:\/\/multicreto.com.mx\/en\/wp-content\/uploads\/2024\/04\/MulticretoBrochureInstitucional.pdf\">\n\t\t\t\t\t\t\t<img loading=\"lazy\" decoding=\"async\" width=\"354\" height=\"491\" src=\"https:\/\/multicreto.com.mx\/en\/wp-content\/uploads\/2024\/04\/multicreto-folletos-en-linea-multicretobrochureinstitucional.png\" class=\"elementor-animation-float attachment-large size-large wp-image-2367\" alt=\"\" srcset=\"https:\/\/multicreto.com.mx\/en\/wp-content\/uploads\/2024\/04\/multicreto-folletos-en-linea-multicretobrochureinstitucional.png 354w, https:\/\/multicreto.com.mx\/en\/wp-content\/uploads\/2024\/04\/multicreto-folletos-en-linea-multicretobrochureinstitucional-278x386.png 278w, https:\/\/multicreto.com.mx\/en\/wp-content\/uploads\/2024\/04\/multicreto-folletos-en-linea-multicretobrochureinstitucional-150x208.png 150w\" sizes=\"(max-width: 354px) 100vw, 354px\" \/>\t\t\t\t\t\t\t\t<\/a>\n\t\t\t\t\t\t\t\t\t\t\t\t\t\t\t<\/div>\n\t\t\t\t<\/div>\n\t\t\t\t<div class=\"elementor-element elementor-element-684bd8d elementor-widget elementor-widget-heading\" data-id=\"684bd8d\" data-element_type=\"widget\" data-e-type=\"widget\" data-widget_type=\"heading.default\">\n\t\t\t\t<div class=\"elementor-widget-container\">\n\t\t\t\t\t<h1 class=\"elementor-heading-title elementor-size-default\">CORPORATE BROCHURE<\/h1>\t\t\t\t<\/div>\n\t\t\t\t<\/div>\n\t\t\t\t<\/div>\n\t\t<div class=\"elementor-element elementor-element-89f71bb e-con-full e-flex e-con e-child\" data-id=\"89f71bb\" data-element_type=\"container\" data-e-type=\"container\">\n\t\t\t\t<div class=\"elementor-element elementor-element-f938c81 elementor-widget elementor-widget-image\" data-id=\"f938c81\" data-element_type=\"widget\" data-e-type=\"widget\" data-widget_type=\"image.default\">\n\t\t\t\t<div class=\"elementor-widget-container\">\n\t\t\t\t\t\t\t\t\t\t\t\t\t\t\t\t<a href=\"https:\/\/multicreto.com.mx\/en\/wp-content\/uploads\/2024\/04\/MulticretoElectricoDiptico.pdf\">\n\t\t\t\t\t\t\t<img loading=\"lazy\" decoding=\"async\" width=\"354\" height=\"491\" src=\"https:\/\/multicreto.com.mx\/en\/wp-content\/uploads\/2024\/04\/multicreto-folletos-en-linea-multicretoelectricodiptico.png\" class=\"elementor-animation-float attachment-large size-large wp-image-2368\" alt=\"\" srcset=\"https:\/\/multicreto.com.mx\/en\/wp-content\/uploads\/2024\/04\/multicreto-folletos-en-linea-multicretoelectricodiptico.png 354w, https:\/\/multicreto.com.mx\/en\/wp-content\/uploads\/2024\/04\/multicreto-folletos-en-linea-multicretoelectricodiptico-278x386.png 278w, https:\/\/multicreto.com.mx\/en\/wp-content\/uploads\/2024\/04\/multicreto-folletos-en-linea-multicretoelectricodiptico-150x208.png 150w\" sizes=\"(max-width: 354px) 100vw, 354px\" \/>\t\t\t\t\t\t\t\t<\/a>\n\t\t\t\t\t\t\t\t\t\t\t\t\t\t\t<\/div>\n\t\t\t\t<\/div>\n\t\t\t\t<div class=\"elementor-element elementor-element-2447558 elementor-widget elementor-widget-heading\" data-id=\"2447558\" data-element_type=\"widget\" data-e-type=\"widget\" data-widget_type=\"heading.default\">\n\t\t\t\t<div class=\"elementor-widget-container\">\n\t\t\t\t\t<h1 class=\"elementor-heading-title elementor-size-default\">ELECTRICAL  PRODUCT LINE CATALOG<\/h1>\t\t\t\t<\/div>\n\t\t\t\t<\/div>\n\t\t\t\t<\/div>\n\t\t\t\t\t<\/div>\n\t\t\t\t<\/div>\n\t\t<div class=\"wd-negative-gap elementor-element elementor-element-60b39ec e-flex e-con-boxed e-con e-parent\" data-id=\"60b39ec\" data-element_type=\"container\" data-e-type=\"container\">\n\t\t\t\t\t<div class=\"e-con-inner\">\n\t\t<div class=\"elementor-element elementor-element-ff67b6c e-con-full e-flex e-con e-child\" data-id=\"ff67b6c\" data-element_type=\"container\" data-e-type=\"container\">\n\t\t\t\t<div class=\"elementor-element elementor-element-2815556 elementor-widget elementor-widget-image\" data-id=\"2815556\" data-element_type=\"widget\" data-e-type=\"widget\" data-widget_type=\"image.default\">\n\t\t\t\t<div class=\"elementor-widget-container\">\n\t\t\t\t\t\t\t\t\t\t\t\t\t\t\t\t<a href=\"https:\/\/multicreto.com.mx\/en\/wp-content\/uploads\/2024\/04\/MulticretoTelecomunicacionesDiptico.pdf\">\n\t\t\t\t\t\t\t<img loading=\"lazy\" decoding=\"async\" width=\"354\" height=\"491\" src=\"https:\/\/multicreto.com.mx\/en\/wp-content\/uploads\/2024\/04\/multicreto-folletos-en-linea-multicretotelecomunicacionesdiptico.png\" class=\"elementor-animation-float attachment-large size-large wp-image-2371\" alt=\"\" srcset=\"https:\/\/multicreto.com.mx\/en\/wp-content\/uploads\/2024\/04\/multicreto-folletos-en-linea-multicretotelecomunicacionesdiptico.png 354w, https:\/\/multicreto.com.mx\/en\/wp-content\/uploads\/2024\/04\/multicreto-folletos-en-linea-multicretotelecomunicacionesdiptico-278x386.png 278w, https:\/\/multicreto.com.mx\/en\/wp-content\/uploads\/2024\/04\/multicreto-folletos-en-linea-multicretotelecomunicacionesdiptico-150x208.png 150w\" sizes=\"(max-width: 354px) 100vw, 354px\" \/>\t\t\t\t\t\t\t\t<\/a>\n\t\t\t\t\t\t\t\t\t\t\t\t\t\t\t<\/div>\n\t\t\t\t<\/div>\n\t\t\t\t<div class=\"elementor-element elementor-element-5001db3 elementor-widget elementor-widget-heading\" data-id=\"5001db3\" data-element_type=\"widget\" data-e-type=\"widget\" data-widget_type=\"heading.default\">\n\t\t\t\t<div class=\"elementor-widget-container\">\n\t\t\t\t\t<h1 class=\"elementor-heading-title elementor-size-default\">TELECOMMUNICATION PRODUCT LINE CATALOG<\/h1>\t\t\t\t<\/div>\n\t\t\t\t<\/div>\n\t\t\t\t<\/div>\n\t\t<div class=\"elementor-element elementor-element-10587b8 e-con-full e-flex e-con e-child\" data-id=\"10587b8\" data-element_type=\"container\" data-e-type=\"container\">\n\t\t\t\t<div class=\"elementor-element elementor-element-1fc10c4 elementor-widget elementor-widget-image\" data-id=\"1fc10c4\" data-element_type=\"widget\" data-e-type=\"widget\" data-widget_type=\"image.default\">\n\t\t\t\t<div class=\"elementor-widget-container\">\n\t\t\t\t\t\t\t\t\t\t\t\t\t\t\t\t<a href=\"https:\/\/multicreto.com.mx\/en\/wp-content\/uploads\/2024\/04\/MulticretoHidraulicoDiptico.pdf\">\n\t\t\t\t\t\t\t<img loading=\"lazy\" decoding=\"async\" width=\"354\" height=\"491\" src=\"https:\/\/multicreto.com.mx\/en\/wp-content\/uploads\/2024\/04\/multicreto-folletos-en-linea-multicretohidraulicodiptico.png\" class=\"elementor-animation-float attachment-large size-large wp-image-2369\" alt=\"\" srcset=\"https:\/\/multicreto.com.mx\/en\/wp-content\/uploads\/2024\/04\/multicreto-folletos-en-linea-multicretohidraulicodiptico.png 354w, https:\/\/multicreto.com.mx\/en\/wp-content\/uploads\/2024\/04\/multicreto-folletos-en-linea-multicretohidraulicodiptico-278x386.png 278w, https:\/\/multicreto.com.mx\/en\/wp-content\/uploads\/2024\/04\/multicreto-folletos-en-linea-multicretohidraulicodiptico-150x208.png 150w\" sizes=\"(max-width: 354px) 100vw, 354px\" \/>\t\t\t\t\t\t\t\t<\/a>\n\t\t\t\t\t\t\t\t\t\t\t\t\t\t\t<\/div>\n\t\t\t\t<\/div>\n\t\t\t\t<div class=\"elementor-element elementor-element-0c7e8c0 elementor-widget elementor-widget-heading\" data-id=\"0c7e8c0\" data-element_type=\"widget\" data-e-type=\"widget\" data-widget_type=\"heading.default\">\n\t\t\t\t<div class=\"elementor-widget-container\">\n\t\t\t\t\t<h1 class=\"elementor-heading-title elementor-size-default\">HYDRAULIC PRODUCT LINE CATALOG<\/h1>\t\t\t\t<\/div>\n\t\t\t\t<\/div>\n\t\t\t\t<\/div>\n\t\t\t\t\t<\/div>\n\t\t\t\t<\/div>\n\t\t\t\t<\/div>\n\t\t","protected":false},"excerpt":{"rendered":"<p>Cat\u00e1logo institucional Cat\u00e1logo institucional Cat\u00e1logo telecomunicaciones Cat\u00e1logo postes PRFV Cat\u00e1logo telecomunicaciones Cat\u00e1logo l\u00ednea el\u00e9ctrica FRP PRODUCT LINE CATALOG CORPORATE BROCHURE<\/p>\n","protected":false},"author":1,"featured_media":0,"parent":0,"menu_order":0,"comment_status":"closed","ping_status":"closed","template":"","meta":{"footnotes":""},"class_list":["post-200","page","type-page","status-publish","hentry"],"_links":{"self":[{"href":"https:\/\/multicreto.com.mx\/en\/wp-json\/wp\/v2\/pages\/200","targetHints":{"allow":["GET"]}}],"collection":[{"href":"https:\/\/multicreto.com.mx\/en\/wp-json\/wp\/v2\/pages"}],"about":[{"href":"https:\/\/multicreto.com.mx\/en\/wp-json\/wp\/v2\/types\/page"}],"author":[{"embeddable":true,"href":"https:\/\/multicreto.com.mx\/en\/wp-json\/wp\/v2\/users\/1"}],"replies":[{"embeddable":true,"href":"https:\/\/multicreto.com.mx\/en\/wp-json\/wp\/v2\/comments?post=200"}],"version-history":[{"count":6,"href":"https:\/\/multicreto.com.mx\/en\/wp-json\/wp\/v2\/pages\/200\/revisions"}],"predecessor-version":[{"id":4315,"href":"https:\/\/multicreto.com.mx\/en\/wp-json\/wp\/v2\/pages\/200\/revisions\/4315"}],"wp:attachment":[{"href":"https:\/\/multicreto.com.mx\/en\/wp-json\/wp\/v2\/media?parent=200"}],"curies":[{"name":"wp","href":"https:\/\/api.w.org\/{rel}","templated":true}]}}