{"id":1201,"date":"2024-03-14T16:44:10","date_gmt":"2024-03-14T22:44:10","guid":{"rendered":"https:\/\/gurusdigitales.com\/multicreto\/?post_type=product&#038;p=1201"},"modified":"2024-09-17T18:43:26","modified_gmt":"2024-09-18T00:43:26","slug":"tapa-rbtb1","status":"publish","type":"product","link":"https:\/\/multicreto.com.mx\/en\/product\/tapa-rbtb1\/","title":{"rendered":"TAPA RBTB1"},"content":{"rendered":"","protected":false},"excerpt":{"rendered":"<div class=\"page\" title=\"Page 1\">\n<div class=\"layoutArea\">\n<div class=\"column\">\n<div class=\"page\" title=\"Page 1\">\n<div class=\"layoutArea\">\n<div class=\"column\">\n<div class=\"page\" title=\"Page 1\">\n<div class=\"layoutArea\">\n<div class=\"column\">\n<div class=\"page\" title=\"Page 1\">\n<div class=\"layoutArea\">\n<div class=\"column\">\n<div class=\"page\" title=\"Page 1\">\n<div class=\"layoutArea\">\n<div class=\"column\">\n<div class=\"page\" title=\"Page 1\">\n<div class=\"layoutArea\">\n<div class=\"column\">\n<div class=\"page\" title=\"Page 1\">\n<div class=\"layoutArea\">\n<div class=\"column\">\n<div class=\"page\" title=\"Page 1\">\n<div class=\"layoutArea\">\n<div class=\"column\">\n<div class=\"page\" title=\"Page 1\">\n<div class=\"layoutArea\">\n<div class=\"column\">\n<div class=\"page\" title=\"Page 1\">\n<div class=\"layoutArea\">\n<div class=\"column\">\n<div class=\"page\" title=\"Page 1\">\n<div class=\"layoutArea\">\n<div class=\"column\">\n<div class=\"page\" title=\"Page 1\">\n<div class=\"layoutArea\">\n<div class=\"column\">\n<div class=\"page\" title=\"Page 1\">\n<div class=\"layoutArea\">\n<div class=\"column\">\n<h2>TAPA RBTB1 Tapa y marco para registro de baja tensi\u00f3n en banqueta tipo 1<\/h2>\n<\/div>\n<\/div>\n<\/div>\n<\/div>\n<\/div>\n<\/div>\n<\/div>\n<\/div>\n<\/div>\n<\/div>\n<\/div>\n<\/div>\n<\/div>\n<\/div>\n<\/div>\n<\/div>\n<\/div>\n<\/div>\n<\/div>\n<\/div>\n<\/div>\n<\/div>\n<\/div>\n<\/div>\n<\/div>\n<\/div>\n<\/div>\n<\/div>\n<\/div>\n<\/div>\n<\/div>\n<\/div>\n<\/div>\n<\/div>\n<\/div>\n<\/div>\n<\/div>\n<\/div>\n<\/div>\n<div class=\"page\" title=\"Page 1\">\n<div class=\"layoutArea\">\n<div class=\"column\">\n<p>Tapa de concreto polim\u00e9rico y marco met\u00e1lico galvanizado por inmersi\u00f3n en caliente para RBTB-1<\/p>\n<\/div>\n<p>Usos: Instalado el marco en un registro de baja tensi\u00f3n en banqueta tipo 1 recibe la tapa de concreto polim\u00e9rico para cubrir el acceso al mismo.<\/p>\n<\/div>\n<\/div>\n","protected":false},"featured_media":2096,"template":"","meta":[],"product_brand":[],"product_cat":[18,21],"product_tag":[],"class_list":{"0":"post-1201","1":"product","2":"type-product","3":"status-publish","4":"has-post-thumbnail","6":"product_cat-electric","7":"product_cat-manhole-cover","9":"first","10":"instock","11":"shipping-taxable","12":"purchasable","13":"product-type-simple"},"_links":{"self":[{"href":"https:\/\/multicreto.com.mx\/en\/wp-json\/wp\/v2\/product\/1201","targetHints":{"allow":["GET"]}}],"collection":[{"href":"https:\/\/multicreto.com.mx\/en\/wp-json\/wp\/v2\/product"}],"about":[{"href":"https:\/\/multicreto.com.mx\/en\/wp-json\/wp\/v2\/types\/product"}],"version-history":[{"count":1,"href":"https:\/\/multicreto.com.mx\/en\/wp-json\/wp\/v2\/product\/1201\/revisions"}],"predecessor-version":[{"id":3494,"href":"https:\/\/multicreto.com.mx\/en\/wp-json\/wp\/v2\/product\/1201\/revisions\/3494"}],"wp:featuredmedia":[{"embeddable":true,"href":"https:\/\/multicreto.com.mx\/en\/wp-json\/wp\/v2\/media\/2096"}],"wp:attachment":[{"href":"https:\/\/multicreto.com.mx\/en\/wp-json\/wp\/v2\/media?parent=1201"}],"wp:term":[{"taxonomy":"product_brand","embeddable":true,"href":"https:\/\/multicreto.com.mx\/en\/wp-json\/wp\/v2\/product_brand?post=1201"},{"taxonomy":"product_cat","embeddable":true,"href":"https:\/\/multicreto.com.mx\/en\/wp-json\/wp\/v2\/product_cat?post=1201"},{"taxonomy":"product_tag","embeddable":true,"href":"https:\/\/multicreto.com.mx\/en\/wp-json\/wp\/v2\/product_tag?post=1201"}],"curies":[{"name":"wp","href":"https:\/\/api.w.org\/{rel}","templated":true}]}}