{"id":332,"date":"2024-01-23T19:22:56","date_gmt":"2024-01-24T01:22:56","guid":{"rendered":"https:\/\/gurusdigitales.com\/multicreto\/?post_type=product&#038;p=332"},"modified":"2024-08-12T15:46:51","modified_gmt":"2024-08-12T21:46:51","slug":"tapa-rbta1","status":"publish","type":"product","link":"https:\/\/multicreto.com.mx\/en\/product\/tapa-rbta1\/","title":{"rendered":"TAPA RBTA1"},"content":{"rendered":"","protected":false},"excerpt":{"rendered":"<h1>TAPA RBTA1 TAPA Y MARCO PARA REGISTRO BAJA TENSION EN ARROYO TIPO 1<\/h1>\n<p>Tapa de concreto polim\u00e9rico y marco met\u00e1lico galvanizado por inmersi\u00f3n en caliente para RBTA-1 Usos: Instalado el marco en un registro de baja tensi\u00f3n en arroyo tipo 1 recibe la tapa de concreto polim\u00e9rico para cubrir el acceso al mismo.<\/p>\n","protected":false},"featured_media":2420,"template":"","meta":[],"product_brand":[],"product_cat":[18,21],"product_tag":[],"class_list":{"0":"post-332","1":"product","2":"type-product","3":"status-publish","4":"has-post-thumbnail","6":"product_cat-electric","7":"product_cat-manhole-cover","9":"first","10":"instock","11":"shipping-taxable","12":"purchasable","13":"product-type-simple"},"_links":{"self":[{"href":"https:\/\/multicreto.com.mx\/en\/wp-json\/wp\/v2\/product\/332","targetHints":{"allow":["GET"]}}],"collection":[{"href":"https:\/\/multicreto.com.mx\/en\/wp-json\/wp\/v2\/product"}],"about":[{"href":"https:\/\/multicreto.com.mx\/en\/wp-json\/wp\/v2\/types\/product"}],"version-history":[{"count":0,"href":"https:\/\/multicreto.com.mx\/en\/wp-json\/wp\/v2\/product\/332\/revisions"}],"wp:featuredmedia":[{"embeddable":true,"href":"https:\/\/multicreto.com.mx\/en\/wp-json\/wp\/v2\/media\/2420"}],"wp:attachment":[{"href":"https:\/\/multicreto.com.mx\/en\/wp-json\/wp\/v2\/media?parent=332"}],"wp:term":[{"taxonomy":"product_brand","embeddable":true,"href":"https:\/\/multicreto.com.mx\/en\/wp-json\/wp\/v2\/product_brand?post=332"},{"taxonomy":"product_cat","embeddable":true,"href":"https:\/\/multicreto.com.mx\/en\/wp-json\/wp\/v2\/product_cat?post=332"},{"taxonomy":"product_tag","embeddable":true,"href":"https:\/\/multicreto.com.mx\/en\/wp-json\/wp\/v2\/product_tag?post=332"}],"curies":[{"name":"wp","href":"https:\/\/api.w.org\/{rel}","templated":true}]}}