{"id":337,"date":"2024-01-23T19:24:33","date_gmt":"2024-01-24T01:24:33","guid":{"rendered":"https:\/\/gurusdigitales.com\/multicreto\/?post_type=product&#038;p=337"},"modified":"2024-08-12T15:50:30","modified_gmt":"2024-08-12T21:50:30","slug":"tapa-rbta2","status":"publish","type":"product","link":"https:\/\/multicreto.com.mx\/en\/product\/tapa-rbta2\/","title":{"rendered":"TAPA RBTA2"},"content":{"rendered":"","protected":false},"excerpt":{"rendered":"<h1>TAPA RBTA2 TAPA Y MARCO PARA REGISTRO BAJA TENSION EN ARROYO TIPO 2<\/h1>\n<p>Tapa de concreto polim\u00e9rico y marco met\u00e1lico galvanizado por inmersi\u00f3n en caliente para RBTA-2 Usos: Instalado el marco en un registro de baja tensi\u00f3n en arroyo tipo 2 recibe la tapa de concreto polim\u00e9rico para cubrir el acceso al mismo.<\/p>\n","protected":false},"featured_media":2421,"template":"","meta":[],"product_brand":[],"product_cat":[18,21],"product_tag":[],"class_list":{"0":"post-337","1":"product","2":"type-product","3":"status-publish","4":"has-post-thumbnail","6":"product_cat-electric","7":"product_cat-manhole-cover","9":"first","10":"instock","11":"shipping-taxable","12":"purchasable","13":"product-type-simple"},"_links":{"self":[{"href":"https:\/\/multicreto.com.mx\/en\/wp-json\/wp\/v2\/product\/337","targetHints":{"allow":["GET"]}}],"collection":[{"href":"https:\/\/multicreto.com.mx\/en\/wp-json\/wp\/v2\/product"}],"about":[{"href":"https:\/\/multicreto.com.mx\/en\/wp-json\/wp\/v2\/types\/product"}],"version-history":[{"count":0,"href":"https:\/\/multicreto.com.mx\/en\/wp-json\/wp\/v2\/product\/337\/revisions"}],"wp:featuredmedia":[{"embeddable":true,"href":"https:\/\/multicreto.com.mx\/en\/wp-json\/wp\/v2\/media\/2421"}],"wp:attachment":[{"href":"https:\/\/multicreto.com.mx\/en\/wp-json\/wp\/v2\/media?parent=337"}],"wp:term":[{"taxonomy":"product_brand","embeddable":true,"href":"https:\/\/multicreto.com.mx\/en\/wp-json\/wp\/v2\/product_brand?post=337"},{"taxonomy":"product_cat","embeddable":true,"href":"https:\/\/multicreto.com.mx\/en\/wp-json\/wp\/v2\/product_cat?post=337"},{"taxonomy":"product_tag","embeddable":true,"href":"https:\/\/multicreto.com.mx\/en\/wp-json\/wp\/v2\/product_tag?post=337"}],"curies":[{"name":"wp","href":"https:\/\/api.w.org\/{rel}","templated":true}]}}